{"id":12,"date":"2024-05-21T17:58:53","date_gmt":"2024-05-21T17:58:53","guid":{"rendered":"http:\/\/www.civilengknowhow.com\/?page_id=12"},"modified":"2026-02-18T08:48:10","modified_gmt":"2026-02-18T08:48:10","slug":"documents","status":"publish","type":"page","link":"http:\/\/www.civilengknowhow.com\/index.php\/documents\/","title":{"rendered":"Documents"},"content":{"rendered":"\n<div data-wp-interactive=\"core\/file\" class=\"wp-block-file\"><object data-wp-bind--hidden=\"!state.hasPdfPreview\"  class=\"wp-block-file__embed\" data=\"https:\/\/www.civilengknowhow.com\/wp-content\/uploads\/2025\/12\/Manual_EN-1.pdf\" type=\"application\/pdf\" style=\"width:100%;height:600px\" aria-label=\"Manual_EN-1 g\u00f6m\u00fcs\u00fc.\"><\/object><a id=\"wp-block-file--media-0ede2421-db45-49f3-960b-1ad541413a8a\" href=\"https:\/\/www.civilengknowhow.com\/wp-content\/uploads\/2025\/12\/Manual_EN-1.pdf\">Manual_EN-1<\/a><a href=\"https:\/\/www.civilengknowhow.com\/wp-content\/uploads\/2025\/12\/Manual_EN-1.pdf\" class=\"wp-block-file__button wp-element-button\" download aria-describedby=\"wp-block-file--media-0ede2421-db45-49f3-960b-1ad541413a8a\">DOWNLOAD<\/a><\/div>\n\n\n\n<div data-wp-interactive=\"core\/file\" class=\"wp-block-file\"><object data-wp-bind--hidden=\"!state.hasPdfPreview\"  class=\"wp-block-file__embed\" data=\"https:\/\/www.civilengknowhow.com\/wp-content\/uploads\/2026\/02\/Manual_Tr-2.pdf\" type=\"application\/pdf\" style=\"width:100%;height:600px\" aria-label=\"Manual_Tr-2 g\u00f6m\u00fcs\u00fc.\"><\/object><a id=\"wp-block-file--media-8a1af50a-7cd2-4630-8c1e-7fe7245275ab\" href=\"https:\/\/www.civilengknowhow.com\/wp-content\/uploads\/2026\/02\/Manual_Tr-2.pdf\">Manual_Tr-2<\/a><a href=\"https:\/\/www.civilengknowhow.com\/wp-content\/uploads\/2026\/02\/Manual_Tr-2.pdf\" class=\"wp-block-file__button wp-element-button\" download aria-describedby=\"wp-block-file--media-8a1af50a-7cd2-4630-8c1e-7fe7245275ab\">DOWNLOAD<\/a><\/div>\n\n\n\n<div data-wp-interactive=\"core\/file\" class=\"wp-block-file\"><object data-wp-bind--hidden=\"!state.hasPdfPreview\"  class=\"wp-block-file__embed\" data=\"https:\/\/www.civilengknowhow.com\/wp-content\/uploads\/2025\/12\/Manual_PL.pdf\" type=\"application\/pdf\" style=\"width:100%;height:600px\" aria-label=\"Manual_PL g\u00f6m\u00fcs\u00fc.\"><\/object><a id=\"wp-block-file--media-ddd12d01-672e-4f98-b492-18b884c2e51f\" href=\"https:\/\/www.civilengknowhow.com\/wp-content\/uploads\/2025\/12\/Manual_PL.pdf\">Manual_PL<\/a><a href=\"https:\/\/www.civilengknowhow.com\/wp-content\/uploads\/2025\/12\/Manual_PL.pdf\" class=\"wp-block-file__button wp-element-button\" download aria-describedby=\"wp-block-file--media-ddd12d01-672e-4f98-b492-18b884c2e51f\">DOWNLOAD<\/a><\/div>\n\n\n\n<div data-wp-interactive=\"core\/file\" class=\"wp-block-file\"><object data-wp-bind--hidden=\"!state.hasPdfPreview\"  class=\"wp-block-file__embed\" data=\"https:\/\/www.civilengknowhow.com\/wp-content\/uploads\/2025\/12\/Manual_LT.pdf\" type=\"application\/pdf\" style=\"width:100%;height:600px\" aria-label=\"Manual_LT g\u00f6m\u00fcs\u00fc.\"><\/object><a id=\"wp-block-file--media-29de3729-5f28-457b-bc99-a17192ec552b\" href=\"https:\/\/www.civilengknowhow.com\/wp-content\/uploads\/2025\/12\/Manual_LT.pdf\">Manual_LT<\/a><a href=\"https:\/\/www.civilengknowhow.com\/wp-content\/uploads\/2025\/12\/Manual_LT.pdf\" class=\"wp-block-file__button wp-element-button\" download aria-describedby=\"wp-block-file--media-29de3729-5f28-457b-bc99-a17192ec552b\">DOWNLOAD<\/a><\/div>\n\n\n\n<p><strong>Publications<\/strong><\/p>\n\n\n\n<div data-wp-interactive=\"core\/file\" class=\"wp-block-file\"><object data-wp-bind--hidden=\"!state.hasPdfPreview\"  class=\"wp-block-file__embed\" data=\"https:\/\/www.civilengknowhow.com\/wp-content\/uploads\/2025\/12\/BIP-journal-published.pdf\" type=\"application\/pdf\" style=\"width:100%;height:600px\" aria-label=\"BIP-journal-published g\u00f6m\u00fcs\u00fc.\"><\/object><a id=\"wp-block-file--media-f987622b-ace7-4cb1-a86d-234155225b61\" href=\"https:\/\/www.civilengknowhow.com\/wp-content\/uploads\/2025\/12\/BIP-journal-published.pdf\">BIP-journal-published<\/a><a href=\"https:\/\/www.civilengknowhow.com\/wp-content\/uploads\/2025\/12\/BIP-journal-published.pdf\" class=\"wp-block-file__button wp-element-button\" download aria-describedby=\"wp-block-file--media-f987622b-ace7-4cb1-a86d-234155225b61\">DOWNLOAD<\/a><\/div>\n\n\n\n<div class=\"wp-block-file\"><a id=\"wp-block-file--media-09844e27-f6c4-4e9c-95fb-afc358910af3\" href=\"https:\/\/www.civilengknowhow.com\/wp-content\/uploads\/2026\/02\/VR.pptx\"><strong><em>Using Augmented Reality to Facilitate Construction Site Activities<\/em><\/strong><\/a><a href=\"https:\/\/www.civilengknowhow.com\/wp-content\/uploads\/2026\/02\/VR.pptx\" class=\"wp-block-file__button wp-element-button\" download aria-describedby=\"wp-block-file--media-09844e27-f6c4-4e9c-95fb-afc358910af3\">dowmload<\/a><\/div>\n","protected":false},"excerpt":{"rendered":"<p>Publications<\/p>\n","protected":false},"author":1,"featured_media":0,"parent":0,"menu_order":0,"comment_status":"closed","ping_status":"closed","template":"","meta":{"footnotes":""},"_links":{"self":[{"href":"http:\/\/www.civilengknowhow.com\/index.php\/wp-json\/wp\/v2\/pages\/12"}],"collection":[{"href":"http:\/\/www.civilengknowhow.com\/index.php\/wp-json\/wp\/v2\/pages"}],"about":[{"href":"http:\/\/www.civilengknowhow.com\/index.php\/wp-json\/wp\/v2\/types\/page"}],"author":[{"embeddable":true,"href":"http:\/\/www.civilengknowhow.com\/index.php\/wp-json\/wp\/v2\/users\/1"}],"replies":[{"embeddable":true,"href":"http:\/\/www.civilengknowhow.com\/index.php\/wp-json\/wp\/v2\/comments?post=12"}],"version-history":[{"count":11,"href":"http:\/\/www.civilengknowhow.com\/index.php\/wp-json\/wp\/v2\/pages\/12\/revisions"}],"predecessor-version":[{"id":344,"href":"http:\/\/www.civilengknowhow.com\/index.php\/wp-json\/wp\/v2\/pages\/12\/revisions\/344"}],"wp:attachment":[{"href":"http:\/\/www.civilengknowhow.com\/index.php\/wp-json\/wp\/v2\/media?parent=12"}],"curies":[{"name":"wp","href":"https:\/\/api.w.org\/{rel}","templated":true}]}}