{"id":315,"date":"2026-02-10T09:28:33","date_gmt":"2026-02-10T09:28:33","guid":{"rendered":"https:\/\/www.civilengknowhow.com\/?page_id=315"},"modified":"2026-02-10T10:23:41","modified_gmt":"2026-02-10T10:23:41","slug":"know-how-database","status":"publish","type":"page","link":"https:\/\/www.civilengknowhow.com\/index.php\/know-how-database\/","title":{"rendered":"Know How Database"},"content":{"rendered":"\n<div data-wp-interactive=\"core\/file\" class=\"wp-block-file\"><object data-wp-bind--hidden=\"!state.hasPdfPreview\"  class=\"wp-block-file__embed\" data=\"https:\/\/www.civilengknowhow.com\/wp-content\/uploads\/2026\/02\/Technical-Courses_merged.pdf\" type=\"application\/pdf\" style=\"width:100%;height:600px\" aria-label=\"Technical Courses g\u00f6m\u00fcs\u00fc.\"><\/object><a id=\"wp-block-file--media-48496736-1060-469c-b38f-e64ea577c31b\" href=\"https:\/\/www.civilengknowhow.com\/wp-content\/uploads\/2026\/02\/Technical-Courses_merged.pdf\">Technical Courses<\/a><a href=\"https:\/\/www.civilengknowhow.com\/wp-content\/uploads\/2026\/02\/Technical-Courses_merged.pdf\" class=\"wp-block-file__button wp-element-button\" download aria-describedby=\"wp-block-file--media-48496736-1060-469c-b38f-e64ea577c31b\">Download<\/a><\/div>\n\n\n\n<div data-wp-interactive=\"core\/file\" class=\"wp-block-file\"><object data-wp-bind--hidden=\"!state.hasPdfPreview\"  class=\"wp-block-file__embed\" data=\"https:\/\/www.civilengknowhow.com\/wp-content\/uploads\/2026\/02\/Construction-Management-Courses_merged.pdf\" type=\"application\/pdf\" style=\"width:100%;height:600px\" aria-label=\"Construction Management Courses g\u00f6m\u00fcs\u00fc.\"><\/object><a id=\"wp-block-file--media-dea41735-c1ce-4116-8647-7e9145816a45\" href=\"https:\/\/www.civilengknowhow.com\/wp-content\/uploads\/2026\/02\/Construction-Management-Courses_merged.pdf\">Construction Management Courses<\/a><a href=\"https:\/\/www.civilengknowhow.com\/wp-content\/uploads\/2026\/02\/Construction-Management-Courses_merged.pdf\" class=\"wp-block-file__button wp-element-button\" download aria-describedby=\"wp-block-file--media-dea41735-c1ce-4116-8647-7e9145816a45\">download<\/a><\/div>\n\n\n\n<div data-wp-interactive=\"core\/file\" class=\"wp-block-file\"><object data-wp-bind--hidden=\"!state.hasPdfPreview\"  class=\"wp-block-file__embed\" data=\"https:\/\/www.civilengknowhow.com\/wp-content\/uploads\/2026\/02\/Interdisciplinary-Courses_merged.pdf\" type=\"application\/pdf\" style=\"width:100%;height:600px\" aria-label=\"Interdisciplinary Courses g\u00f6m\u00fcs\u00fc.\"><\/object><a id=\"wp-block-file--media-d481fea8-97d5-4641-aedb-ba78ef88a330\" href=\"https:\/\/www.civilengknowhow.com\/wp-content\/uploads\/2026\/02\/Interdisciplinary-Courses_merged.pdf\">Interdisciplinary Courses<\/a><a href=\"https:\/\/www.civilengknowhow.com\/wp-content\/uploads\/2026\/02\/Interdisciplinary-Courses_merged.pdf\" class=\"wp-block-file__button wp-element-button\" download aria-describedby=\"wp-block-file--media-d481fea8-97d5-4641-aedb-ba78ef88a330\">download<\/a><\/div>\n\n\n\n<div data-wp-interactive=\"core\/file\" class=\"wp-block-file\"><object data-wp-bind--hidden=\"!state.hasPdfPreview\"  class=\"wp-block-file__embed\" data=\"https:\/\/www.civilengknowhow.com\/wp-content\/uploads\/2026\/02\/Social-Courses_merged.pdf\" type=\"application\/pdf\" style=\"width:100%;height:600px\" aria-label=\"Social Courses g\u00f6m\u00fcs\u00fc.\"><\/object><a id=\"wp-block-file--media-e3fcfae5-9f9f-4b81-8b15-8874cf1c5767\" href=\"https:\/\/www.civilengknowhow.com\/wp-content\/uploads\/2026\/02\/Social-Courses_merged.pdf\">Social Courses<\/a><a href=\"https:\/\/www.civilengknowhow.com\/wp-content\/uploads\/2026\/02\/Social-Courses_merged.pdf\" class=\"wp-block-file__button wp-element-button\" download aria-describedby=\"wp-block-file--media-e3fcfae5-9f9f-4b81-8b15-8874cf1c5767\">download<\/a><\/div>\n","protected":false},"excerpt":{"rendered":"","protected":false},"author":1,"featured_media":0,"parent":0,"menu_order":0,"comment_status":"closed","ping_status":"closed","template":"","meta":{"footnotes":""},"_links":{"self":[{"href":"https:\/\/www.civilengknowhow.com\/index.php\/wp-json\/wp\/v2\/pages\/315"}],"collection":[{"href":"https:\/\/www.civilengknowhow.com\/index.php\/wp-json\/wp\/v2\/pages"}],"about":[{"href":"https:\/\/www.civilengknowhow.com\/index.php\/wp-json\/wp\/v2\/types\/page"}],"author":[{"embeddable":true,"href":"https:\/\/www.civilengknowhow.com\/index.php\/wp-json\/wp\/v2\/users\/1"}],"replies":[{"embeddable":true,"href":"https:\/\/www.civilengknowhow.com\/index.php\/wp-json\/wp\/v2\/comments?post=315"}],"version-history":[{"count":4,"href":"https:\/\/www.civilengknowhow.com\/index.php\/wp-json\/wp\/v2\/pages\/315\/revisions"}],"predecessor-version":[{"id":336,"href":"https:\/\/www.civilengknowhow.com\/index.php\/wp-json\/wp\/v2\/pages\/315\/revisions\/336"}],"wp:attachment":[{"href":"https:\/\/www.civilengknowhow.com\/index.php\/wp-json\/wp\/v2\/media?parent=315"}],"curies":[{"name":"wp","href":"https:\/\/api.w.org\/{rel}","templated":true}]}}